{"id":629,"date":"2022-06-10T19:30:38","date_gmt":"2022-06-10T19:30:38","guid":{"rendered":"https:\/\/demo.themedraft.net\/wp\/doctio\/?page_id=629"},"modified":"2026-02-16T21:55:47","modified_gmt":"2026-02-16T20:55:47","slug":"contact","status":"publish","type":"page","link":"https:\/\/www.spineon.sk\/index.php\/contact\/","title":{"rendered":"Kontakt"},"content":{"rendered":"\t\t<div data-elementor-type=\"wp-page\" data-elementor-id=\"629\" class=\"elementor elementor-629\">\n\t\t\t\t\t\t<section class=\"elementor-section elementor-top-section elementor-element elementor-element-30b75775 elementor-section-full_width elementor-section-stretched elementor-section-height-default elementor-section-height-default\" data-id=\"30b75775\" data-element_type=\"section\" data-settings=\"{&quot;stretch_section&quot;:&quot;section-stretched&quot;}\">\n\t\t\t\t\t\t<div class=\"elementor-container elementor-column-gap-default\">\n\t\t\t\t\t<div class=\"elementor-column elementor-col-100 elementor-top-column elementor-element elementor-element-2d909e12\" data-id=\"2d909e12\" data-element_type=\"column\">\n\t\t\t<div class=\"elementor-widget-wrap elementor-element-populated\">\n\t\t\t\t\t\t<div class=\"elementor-element elementor-element-50599d5b elementor-widget elementor-widget-themedraft_section_title\" data-id=\"50599d5b\" data-element_type=\"widget\" data-widget_type=\"themedraft_section_title.default\">\n\t\t\t\t<div class=\"elementor-widget-container\">\n\t\t\t\t\t\n\t\t<div class=\"td-section-title-wrapper\">\n            <div class=\"td-section-title-content td-secondary-font\">\n                                    <div class=\"td-section-title-bg-text\">\n                        SpineOn                    <\/div>\n                \n                                    <div class=\"td-section-subtitle td-primary-color\">\n                        Kontaktujte n\u00e1s                    <\/div>\n                \n                                    <div class=\"td-section-title\">\n                        <h2>Nev\u00e1hajte n\u00e1s kontaktova\u0165...<\/h2>                    <\/div>\n                                        <div class=\"title-bottom-line\" style=\"background-image: url(https:\/\/demo.themedraft.net\/wp\/doctio\/wp-content\/uploads\/2022\/06\/line-1.png)\"><\/div>\n                                                <\/div>\n\t\t<\/div>\n\t\t\t\t\t\t<\/div>\n\t\t\t\t<\/div>\n\t\t\t\t<div class=\"elementor-element elementor-element-122b0723 elementor-widget elementor-widget-themedraft_contact_details_box\" data-id=\"122b0723\" data-element_type=\"widget\" data-widget_type=\"themedraft_contact_details_box.default\">\n\t\t\t\t<div class=\"elementor-widget-container\">\n\t\t\t\t\t\n\t\t<div class=\"contact-details container\">\n            <div class=\"row\">\n                                        <div class=\"col-xl-4 col-lg-6 col-md-6\">\n                            <div class=\"td-contact-details-box td-transition\">\n                                <div class=\"td-contact-details-box-icon  td-transition td-primary-color\">\n                                    \n                                        <i aria-hidden=\"true\" class=\"flaticon-telephone-1\"><\/i>\n                                                                    <\/div>\n                                <h4 class=\"td-contact-box-title td-transition\">Tel.\u010d\u00edslo:<\/h4>\n\n                                <ul><li style=\"list-style-type: none;\"><ul><li><a href=\"tel:+421917081301\">+421 917 081 301<\/a><\/li><\/ul><\/li><\/ul>                            <\/div>\n                        <\/div>\n                                            <div class=\"col-xl-4 col-lg-6 col-md-6\">\n                            <div class=\"td-contact-details-box td-transition\">\n                                <div class=\"td-contact-details-box-icon  td-transition td-primary-color\">\n                                    \n                                        <i aria-hidden=\"true\" class=\"td-icon flaticon-maps-and-flags\"><\/i>\n                                                                    <\/div>\n                                <h4 class=\"td-contact-box-title td-transition\">Adresa:<\/h4>\n\n                                <p>Mierov\u00e1 183, Bratislava, 841 05<\/p>                            <\/div>\n                        <\/div>\n                                            <div class=\"col-xl-4 col-lg-6 col-md-6\">\n                            <div class=\"td-contact-details-box td-transition\">\n                                <div class=\"td-contact-details-box-icon  td-transition td-primary-color\">\n                                    \n                                        <i aria-hidden=\"true\" class=\"td-icon flaticon-mail-inbox-app\"><\/i>\n                                                                    <\/div>\n                                <h4 class=\"td-contact-box-title td-transition\">E-mail:<\/h4>\n\n                                <ul><li>spineonklinik@gmail.com<\/li><\/ul>                            <\/div>\n                        <\/div>\n                                <\/div>\n\t\t<\/div>\n\n\t\t\t\t\t\t<\/div>\n\t\t\t\t<\/div>\n\t\t\t\t\t<\/div>\n\t\t<\/div>\n\t\t\t\t\t<\/div>\n\t\t<\/section>\n\t\t\t\t<\/div>\n\t\t","protected":false},"excerpt":{"rendered":"<p>SpineOn Kontaktujte n\u00e1s Nev\u00e1hajte n\u00e1s kontaktova\u0165&#8230; Tel.\u010d\u00edslo: +421 917 081 301 Adresa: Mierov\u00e1 183, Bratislava, 841 05 E-mail: spineonklinik@gmail.com<\/p>\n","protected":false},"author":1,"featured_media":0,"parent":0,"menu_order":0,"comment_status":"closed","ping_status":"closed","template":"","meta":{"footnotes":""},"class_list":["post-629","page","type-page","status-publish","hentry"],"_links":{"self":[{"href":"https:\/\/www.spineon.sk\/index.php\/wp-json\/wp\/v2\/pages\/629","targetHints":{"allow":["GET"]}}],"collection":[{"href":"https:\/\/www.spineon.sk\/index.php\/wp-json\/wp\/v2\/pages"}],"about":[{"href":"https:\/\/www.spineon.sk\/index.php\/wp-json\/wp\/v2\/types\/page"}],"author":[{"embeddable":true,"href":"https:\/\/www.spineon.sk\/index.php\/wp-json\/wp\/v2\/users\/1"}],"replies":[{"embeddable":true,"href":"https:\/\/www.spineon.sk\/index.php\/wp-json\/wp\/v2\/comments?post=629"}],"version-history":[{"count":17,"href":"https:\/\/www.spineon.sk\/index.php\/wp-json\/wp\/v2\/pages\/629\/revisions"}],"predecessor-version":[{"id":1404,"href":"https:\/\/www.spineon.sk\/index.php\/wp-json\/wp\/v2\/pages\/629\/revisions\/1404"}],"wp:attachment":[{"href":"https:\/\/www.spineon.sk\/index.php\/wp-json\/wp\/v2\/media?parent=629"}],"curies":[{"name":"wp","href":"https:\/\/api.w.org\/{rel}","templated":true}]}}