{"id":610,"date":"2022-06-10T19:22:54","date_gmt":"2022-06-10T19:22:54","guid":{"rendered":"https:\/\/demo.themedraft.net\/wp\/doctio\/?page_id=610"},"modified":"2026-01-22T17:32:32","modified_gmt":"2026-01-22T16:32:32","slug":"department","status":"publish","type":"page","link":"https:\/\/www.spineon.sk\/index.php\/department\/","title":{"rendered":"Referencie"},"content":{"rendered":"\t\t<div data-elementor-type=\"wp-page\" data-elementor-id=\"610\" class=\"elementor elementor-610\">\n\t\t\t\t\t\t<section class=\"elementor-section elementor-top-section elementor-element elementor-element-74518dff elementor-section-full_width elementor-section-stretched elementor-section-height-default elementor-section-height-default\" data-id=\"74518dff\" data-element_type=\"section\" data-settings=\"{&quot;stretch_section&quot;:&quot;section-stretched&quot;}\">\n\t\t\t\t\t\t<div class=\"elementor-container elementor-column-gap-no\">\n\t\t\t\t\t<div class=\"elementor-column elementor-col-100 elementor-top-column elementor-element elementor-element-62f14d7d\" data-id=\"62f14d7d\" data-element_type=\"column\">\n\t\t\t<div class=\"elementor-widget-wrap elementor-element-populated\">\n\t\t\t\t\t\t<div class=\"elementor-element elementor-element-9ceb342 elementor-widget elementor-widget-themedraft_cta_one\" data-id=\"9ceb342\" data-element_type=\"widget\" data-widget_type=\"themedraft_cta_one.default\">\n\t\t\t\t<div class=\"elementor-widget-container\">\n\t\t\t\t\t\t\t<div class=\"td-cta-one-wrapper td-primary-bg td-secondary-font\">\n\t\t\t<div class=\"container\">\n\t\t\t\t<div class=\"row\">\n\t\t\t\t\t<div class=\"col-12\">\n\t\t\t\t\t\t<div class=\"cta-one-text text-center\">\n\t\t\t\t\t\t\t<p><b>! Referencie u\u017e \u010doskoro !<\/b><\/p>\t\t\t\t\t\t<\/div>\n\t\t\t\t\t<\/div>\n\t\t\t\t<\/div>\n\t\t\t<\/div>\n\t\t<\/div>\n\t\t\t\t\t\t<\/div>\n\t\t\t\t<\/div>\n\t\t\t\t\t<\/div>\n\t\t<\/div>\n\t\t\t\t\t<\/div>\n\t\t<\/section>\n\t\t\t\t<section class=\"elementor-section elementor-top-section elementor-element elementor-element-6c6b8bb elementor-section-stretched elementor-section-boxed elementor-section-height-default elementor-section-height-default\" data-id=\"6c6b8bb\" data-element_type=\"section\" data-settings=\"{&quot;stretch_section&quot;:&quot;section-stretched&quot;}\">\n\t\t\t\t\t\t<div class=\"elementor-container elementor-column-gap-default\">\n\t\t\t\t\t<div class=\"elementor-column elementor-col-33 elementor-top-column elementor-element elementor-element-3a90e68\" data-id=\"3a90e68\" data-element_type=\"column\">\n\t\t\t<div class=\"elementor-widget-wrap elementor-element-populated\">\n\t\t\t\t\t\t<div class=\"elementor-element elementor-element-b0b9d12 elementor-widget elementor-widget-themedraft_tiwcb\" data-id=\"b0b9d12\" data-element_type=\"widget\" data-widget_type=\"themedraft_tiwcb.default\">\n\t\t\t\t<div class=\"elementor-widget-container\">\n\t\t\t\t\t\n        <div class=\"td-tiwcb-wrapper\">\n\n\n\n            <div class=\"td-tiwcb-first-image td-cover-bg\" style=\"background-image: url(https:\/\/www.spineon.sk\/wp-content\/uploads\/2026\/01\/Bildschirmfoto-2021-12-08-um-13.09.46-300x300-1.png)\"><\/div>\n\n            <div class=\"td-tiwcb-second-image td-cover-bg\" style=\"background-image: url()\"><\/div>\n\n            <div class=\"td-tiwcb-third-image td-cover-bg\" style=\"background-image: url(https:\/\/www.spineon.sk\/wp-content\/uploads\/2026\/01\/Abb.5b-1-300x300-1.png)\">\n\t                        <\/div>\n        <\/div>\n\n\t\t\t\t\t\t<\/div>\n\t\t\t\t<\/div>\n\t\t\t\t\t<\/div>\n\t\t<\/div>\n\t\t\t\t<div class=\"elementor-column elementor-col-66 elementor-top-column elementor-element elementor-element-d977564\" data-id=\"d977564\" data-element_type=\"column\">\n\t\t\t<div class=\"elementor-widget-wrap elementor-element-populated\">\n\t\t\t\t\t\t<div class=\"elementor-element elementor-element-fa07ecf elementor-widget elementor-widget-themedraft_section_title\" data-id=\"fa07ecf\" data-element_type=\"widget\" data-widget_type=\"themedraft_section_title.default\">\n\t\t\t\t<div class=\"elementor-widget-container\">\n\t\t\t\t\t\n\t\t<div class=\"td-section-title-wrapper\">\n            <div class=\"td-section-title-content td-secondary-font\">\n                                    <div class=\"td-section-title-bg-text\">\n                        SpineOn                    <\/div>\n                \n                \n                                    <div class=\"td-section-title\">\n                        <h2>Ako to funguje?<\/h2>                    <\/div>\n                                        <div class=\"title-bottom-line\" style=\"background-image: url(https:\/\/www.spineon.sk\/wp-content\/uploads\/2026\/01\/ggrrrr.png)\"><\/div>\n                                                <\/div>\n\t\t<\/div>\n\t\t\t\t\t\t<\/div>\n\t\t\t\t<\/div>\n\t\t\t\t<div class=\"elementor-element elementor-element-3a6c0e4 elementor-widget elementor-widget-themeDraft_accordion\" data-id=\"3a6c0e4\" data-element_type=\"widget\" data-widget_type=\"themeDraft_accordion.default\">\n\t\t\t\t<div class=\"elementor-widget-container\">\n\t\t\t\t\t        <div class=\"td-accordion-wrapper td-accordion-wrapper-31197\">\n            <div class=\"accordion\" id=\"td-accordion-31197\">\n\n\t\t\t\t                        <div class=\"accordion-item\">\n                            <h2 class=\"accordion-header\">\n                                <button class=\"accordion-button \" type=\"button\" data-bs-toggle=\"collapse\" data-bs-target=\"#collapse-131197\" aria-expanded=\"true\" aria-controls=\"collapse-131197\">\n\t\t\t\t\t\t\t\t\t01. Driekov\u00e1 chrbtica                                <\/button>\n                            <\/h2>\n\n                            <div id=\"collapse-131197\" class=\"accordion-collapse collapse show\" data-bs-parent=\"#td-accordion-31197\">\n                                <div class=\"accordion-body\">\n\t\t\t\t\t\t\t\t\t<p>Tento pr\u00edstroj je unik\u00e1tny v\u010faka svojmu patentovan\u00e9mu fixa\u010dn\u00e9mu mechanizmu.<br \/>Stroj m\u00e1 prepracovan\u00fd syst\u00e9m maxim\u00e1lnej fix\u00e1cie kolien, stehien a panvy. Tento<br \/>syst\u00e9m \u00faplne znehybn\u00ed panvu. Ke\u010f sa panva nem\u00f4\u017ee h\u00fdba\u0165, sedacie svaly s\u00fa<br \/>vyraden\u00e9 z funkcie a v\u0161etku pr\u00e1cu musia vykona\u0165 hlbok\u00e9 svaly driekovej chrbtice.<\/p><p>Funkcie:<\/p><p>- Izometrick\u00e9 testovanie: Dok\u00e1\u017ee zmera\u0165 silu svalov v r\u00f4znych uhloch pohybu<\/p><p>(od flexie po extenziu).<\/p><p>- Porovnanie s normou: Softv\u00e9r porovn\u00e1 silov\u00fa krivku pacienta s normami pre<\/p><p>jeho vek, v\u00e1hu, pohlavie a diagn\u00f3zu.<\/p><p>- Rehabilit\u00e1cia: Cvi\u010denie je pomal\u00e9, kontrolovan\u00e9 a extr\u00e9mne izolovan\u00e9.<\/p>                                <\/div>\n                            <\/div>\n                        <\/div>\n\t\t\t\t\t\t                        <div class=\"accordion-item\">\n                            <h2 class=\"accordion-header\">\n                                <button class=\"accordion-button collapsed\" type=\"button\" data-bs-toggle=\"collapse\" data-bs-target=\"#collapse-231197\" aria-expanded=\"false\" aria-controls=\"collapse-231197\">\n\t\t\t\t\t\t\t\t\t02. Kr\u010dn\u00e1 chrbtica                                <\/button>\n                            <\/h2>\n\n                            <div id=\"collapse-231197\" class=\"accordion-collapse collapse \" data-bs-parent=\"#td-accordion-31197\">\n                                <div class=\"accordion-body\">\n\t\t\t\t\t\t\t\t\t<p>Funguje na rovnakom princ\u00edpe ako stroj na driek, ale je zameran\u00fd na krk.<br \/>- Fix\u00e1cia: Trup je pevne fixovan\u00fd popruhmi a n\u00e1sledn\u00e9 znehybnen\u00fd aby sa zabr\u00e1nilo zapojeniu svalov chrbta a ramien.<br \/>- Cie\u013e: Aktiv\u00e1cia hlbok\u00fdch stabiliza\u010dn\u00fdch svalov<\/p><p>- Vyu\u017eitie: Ve\u013emi \u00fa\u010dinn\u00e9 pri &amp;quot;whiplash&amp;quot; syndr\u00f3me (opierka hlavy), chronick\u00fdch<br \/>bolestiach hlavy (tenzn\u00fdch) a degenerat\u00edvnych zmen\u00e1ch kr\u010dnej chrbtice.<br \/>K\u013e\u00fa\u010dov\u00fd poznatok: Stroje nie s\u00fa len na cvi\u010denie, s\u00fa to medic\u00ednske diagnostick\u00e9<br \/>pr\u00edstroje. Dok\u00e1\u017eu kvantifikova\u0165 boles\u0165 a slabos\u0165 do \u010d\u00edsiel a grafov.<\/p>                                <\/div>\n                            <\/div>\n                        <\/div>\n\t\t\t\t\t\t                        <div class=\"accordion-item\">\n                            <h2 class=\"accordion-header\">\n                                <button class=\"accordion-button collapsed\" type=\"button\" data-bs-toggle=\"collapse\" data-bs-target=\"#collapse-331197\" aria-expanded=\"false\" aria-controls=\"collapse-331197\">\n\t\t\t\t\t\t\t\t\t03. \u010co o\u010dak\u00e1va\u0165 od prv\u00e9ho sedenia?                                <\/button>\n                            <\/h2>\n\n                            <div id=\"collapse-331197\" class=\"accordion-collapse collapse \" data-bs-parent=\"#td-accordion-31197\">\n                                <div class=\"accordion-body\">\n\t\t\t\t\t\t\t\t\t<p>Na prvom seden\u00ed je potrebn\u00e9 prinies\u0165 kompletn\u00fa zdravotn\u00fa dokument\u00e1ciu vr\u00e1tane<br \/>MRI, RTG, CT sn\u00edmok. Absolvujete vstupn\u00fa konzult\u00e1ciu s fyzioterapeutom, podrobne<br \/>predstaven\u00fd proces terapie pri ktorom s\u00fa v\u0161etky tr\u00e9ningov\u00e9 parametre prisp\u00f4soben\u00e9<br \/>priamo V\u00e1m. Okrem toho prv\u00e1 terapia zah\u0155\u0148a po\u010d\u00edta\u010dom podporovan\u00fa anal\u00fdzu<br \/>svalovej funkcie (test izometrickej sily) na na\u0161ich strojoch. V\u00fdsledky zaru\u010duj\u00fa<br \/>individu\u00e1lny terapeutick\u00fd pl\u00e1n. Zabezpe\u010dujeme trvalo vysok\u00fa kvalitu terapie prostredn\u00edctvom individu\u00e1lneho pr\u00edstupu.<\/p>                                <\/div>\n                            <\/div>\n                        <\/div>\n\t\t\t\t\t\t                        <div class=\"accordion-item\">\n                            <h2 class=\"accordion-header\">\n                                <button class=\"accordion-button collapsed\" type=\"button\" data-bs-toggle=\"collapse\" data-bs-target=\"#collapse-431197\" aria-expanded=\"false\" aria-controls=\"collapse-431197\">\n\t\t\t\t\t\t\t\t\t04. Koncept terapie                                <\/button>\n                            <\/h2>\n\n                            <div id=\"collapse-431197\" class=\"accordion-collapse collapse \" data-bs-parent=\"#td-accordion-31197\">\n                                <div class=\"accordion-body\">\n\t\t\t\t\t\t\t\t\t<p>Koncept terapie je zalo\u017een\u00fd na systematickom a vedenom<br \/>pokro\u010dilom tr\u00e9ningu pozost\u00e1vaj\u00facom z 10 terapeutick\u00fdch jednotiek. V centre pozornosti s\u00fa autocht\u00f3nne (hlboko le\u017eiace) svaly chrbtice.<\/p>                                <\/div>\n                            <\/div>\n                        <\/div>\n\t\t\t\t\t\t                        <div class=\"accordion-item\">\n                            <h2 class=\"accordion-header\">\n                                <button class=\"accordion-button collapsed\" type=\"button\" data-bs-toggle=\"collapse\" data-bs-target=\"#collapse-531197\" aria-expanded=\"false\" aria-controls=\"collapse-531197\">\n\t\t\t\t\t\t\t\t\t05. Medic\u00ednska tr\u00e9ningov\u00e1 terapia                                <\/button>\n                            <\/h2>\n\n                            <div id=\"collapse-531197\" class=\"accordion-collapse collapse \" data-bs-parent=\"#td-accordion-31197\">\n                                <div class=\"accordion-body\">\n\t\t\t\t\t\t\t\t\t<p>Vo v\u00e4\u010d\u0161ine pr\u00edpadov je chronick\u00e1 boles\u0165 chrbta \u00a0v\u00fdsledkom slab\u00fdch hlbok\u00fdch chrbtov\u00fdch<br \/>svalov. Tieto svaly s\u00fa prim\u00e1rne zodpovedn\u00e9 za vzpriamen\u00e9 dr\u017eanie tela a stabilitu chrbtice a nie je mo\u017en\u00e9 ich dobrovo\u013ene aktivova\u0165. Na rozdiel od povrchov\u00fdch<br \/>chrbtov\u00fdch svalov sa autocht\u00f3nne chrbtov\u00e9 svaly nedaj\u00fa precvi\u010di\u0165 klasick\u00fdmi<br \/>terapeutick\u00fdmi met\u00f3dami (posil\u0148ov\u0148a, fyzioterapia, mas\u00e1\u017ee a pod.). Pou\u017eit\u00edm<br \/>najmodernej\u0161\u00edch tr\u00e9ningov\u00fdch strojov je mo\u017en\u00e9 tr\u00e9nova\u0165 autocht\u00f3nne chrbtov\u00e9 svaly<br \/>izolovane. To je zabezpe\u010den\u00e9 \u0161peci\u00e1lnou fix\u00e1ciou a zoh\u013eadnen\u00edm \u0161peci\u00e1lnych ergonomick\u00fdch vlastnost\u00ed. Medic\u00ednska tr\u00e9ningov\u00e1 terapia \u0161pecificky odstra\u0148uje pr\u00ed\u010dinu bolesti chrbta.\u00a0<\/p><p>Pomocou silov\u00fdch testov a MRI sn\u00edmok je mo\u017en\u00e9 mera\u0165 a graficky zobrazi\u0165 pokrok v priebehu terapie a najm\u00e4 na jej konci.<\/p>                                <\/div>\n                            <\/div>\n                        <\/div>\n\t\t\t\t\t\t            <\/div>\n        <\/div>\n\t\t\t\t\t\t<\/div>\n\t\t\t\t<\/div>\n\t\t\t\t\t<\/div>\n\t\t<\/div>\n\t\t\t\t\t<\/div>\n\t\t<\/section>\n\t\t\t\t<\/div>\n\t\t","protected":false},"excerpt":{"rendered":"<p>! Referencie u\u017e \u010doskoro ! SpineOn Ako to funguje? 01. Driekov\u00e1 chrbtica Tento pr\u00edstroj je unik\u00e1tny v\u010faka svojmu patentovan\u00e9mu fixa\u010dn\u00e9mu mechanizmu.Stroj m\u00e1 prepracovan\u00fd syst\u00e9m maxim\u00e1lnej fix\u00e1cie kolien, stehien a panvy. Tentosyst\u00e9m \u00faplne znehybn\u00ed panvu. Ke\u010f sa panva nem\u00f4\u017ee h\u00fdba\u0165, sedacie svaly s\u00favyraden\u00e9 z funkcie a v\u0161etku pr\u00e1cu musia vykona\u0165 hlbok\u00e9 svaly driekovej chrbtice. Funkcie: &#8211; [&hellip;]<\/p>\n","protected":false},"author":1,"featured_media":0,"parent":0,"menu_order":0,"comment_status":"closed","ping_status":"closed","template":"","meta":{"footnotes":""},"class_list":["post-610","page","type-page","status-publish","hentry"],"_links":{"self":[{"href":"https:\/\/www.spineon.sk\/index.php\/wp-json\/wp\/v2\/pages\/610","targetHints":{"allow":["GET"]}}],"collection":[{"href":"https:\/\/www.spineon.sk\/index.php\/wp-json\/wp\/v2\/pages"}],"about":[{"href":"https:\/\/www.spineon.sk\/index.php\/wp-json\/wp\/v2\/types\/page"}],"author":[{"embeddable":true,"href":"https:\/\/www.spineon.sk\/index.php\/wp-json\/wp\/v2\/users\/1"}],"replies":[{"embeddable":true,"href":"https:\/\/www.spineon.sk\/index.php\/wp-json\/wp\/v2\/comments?post=610"}],"version-history":[{"count":7,"href":"https:\/\/www.spineon.sk\/index.php\/wp-json\/wp\/v2\/pages\/610\/revisions"}],"predecessor-version":[{"id":1349,"href":"https:\/\/www.spineon.sk\/index.php\/wp-json\/wp\/v2\/pages\/610\/revisions\/1349"}],"wp:attachment":[{"href":"https:\/\/www.spineon.sk\/index.php\/wp-json\/wp\/v2\/media?parent=610"}],"curies":[{"name":"wp","href":"https:\/\/api.w.org\/{rel}","templated":true}]}}